{"id":576,"date":"2025-03-04T07:27:57","date_gmt":"2025-03-04T06:27:57","guid":{"rendered":"https:\/\/ramo.margotbulot.com\/?page_id=576"},"modified":"2025-06-18T08:52:01","modified_gmt":"2025-06-18T06:52:01","slug":"infos-2","status":"publish","type":"page","link":"https:\/\/ramo.margotbulot.com\/?page_id=576","title":{"rendered":"infos"},"content":{"rendered":"\n<div class=\"wp-block-group is-vertical is-content-justification-center is-layout-flex wp-container-core-group-is-layout-80e0f474 wp-block-group-is-layout-flex\" style=\"margin-top:0;margin-bottom:0;padding-top:0;padding-right:0;padding-bottom:0;padding-left:0\">\n\t\t\t<form id=\"sib_signup_form_3\" method=\"post\" class=\"sib_signup_form\">\n\t\t\t\t<div class=\"sib_loader\" style=\"display:none;\"><img\n\t\t\t\t\t\t\tsrc=\"https:\/\/ramo.margotbulot.com\/wp-includes\/images\/spinner.gif\" alt=\"loader\"><\/div>\n\t\t\t\t<input type=\"hidden\" name=\"sib_form_action\" value=\"subscribe_form_submit\">\n\t\t\t\t<input type=\"hidden\" name=\"sib_form_id\" value=\"3\">\n                <input type=\"hidden\" name=\"sib_form_alert_notice\" value=\"Merci de remplir ce champ.\">\n                <input type=\"hidden\" name=\"sib_form_invalid_email_notice\" value=\"L&#039;email n&#039;est pas valide.\">\n                <input type=\"hidden\" name=\"sib_security\" value=\"95f6cce180\">\n\t\t\t\t<div class=\"sib_signup_box_inside_3\">\n\t\t\t\t\t<div style=\"\/*display:none*\/\" class=\"sib_msg_disp\">\n\t\t\t\t\t<\/div>\n                    \t\t\t\t\t<title>Formulaire d'inscription<\/title>\r\n<style>\r\n    \/* Conteneur unique avec un cercle bleu clair qui englobe tout *\/\r\n    .sib-form-container {\r\n        background-color: #e0f1ff; \/* Fond bleu clair *\/\r\n        border-radius: 50%; \/* Faire du conteneur un cercle parfait *\/\r\n        padding: 20px; \/* Ajouter du padding pour un espace autour du contenu *\/\r\n        width: 85vw; \/* Largeur du cercle en fonction de la largeur de la fen\u00eatre (responsive) *\/\r\n        height: 85vw; \/* Hauteur \u00e9gale \u00e0 la largeur pour conserver la forme circulaire (responsive) *\/\r\n        max-width: 300px; \/* Limiter la taille maximale du cercle *\/\r\n        max-height: 300px; \/* Limiter la hauteur maximale du cercle *\/\r\n        margin: 0 auto; \/* Centrer le formulaire sur la page *\/\r\n        box-sizing: border-box; \/* Inclure le padding dans la largeur totale *\/\r\n        display: flex; \/* Utiliser flexbox pour centrer le contenu *\/\r\n        flex-direction: column; \/* Empiler les \u00e9l\u00e9ments (titre, champs, bouton) *\/\r\n        justify-content: space-evenly; \/* Espacement \u00e9gal entre les \u00e9l\u00e9ments *\/\r\n        align-items: center; \/* Centrer horizontalement *\/\r\n        position: relative;\r\n    }\r\n\r\n    \/* Style du texte dans le cercle *\/\r\n    .sib-form-container p {\r\n        text-align: center; \/* Centrer le texte *\/\r\n        font-size: 16px; \/* Taille de la police *\/\r\n        color: #2C84FB; \/* Couleur du texte bleu fonc\u00e9 *\/\r\n        margin: 0px 0; \/* R\u00e9duire l'espacement entre les paragraphes *\/\r\n        line-height: 0.5; \/* Ajuster l'interlignage pour qu'il soit plus compact *\/\r\n    }\r\n\r\n    \/* Style des champs de saisie *\/\r\n    .sib-email-area, .sib-NAME-area {\r\n        margin-bottom: 0px; \/* Espacement de 5px entre les champs *\/\r\n    }\r\n\r\n    \/* Ajustement du positionnement du texte \"Email\" et \"Nom\" *\/\r\n    .sib-email-area label, .sib-NAME-area label {\r\n        display: inline-block; \/* Les \u00e9tiquettes seront sur la m\u00eame ligne que l'input *\/\r\n        margin-right: 10px; \/* Un petit espacement entre l'\u00e9tiquette et le champ *\/\r\n        font-size: 14px; \/* Taille de la police des labels *\/\r\n        color: #2C84FB; \/* Couleur bleue pour les labels *\/\r\n    }\r\n\r\n    .sib-email-area input, .sib-NAME-area input {\r\n        background-color: #FFFFFF; \/* Fond blanc pour les champs de saisie *\/\r\n        color: #003366; \/* Texte bleu fonc\u00e9 pour les champs *\/\r\n        border: 0px solid #dcdcdc; \/* Bordure grise l\u00e9g\u00e8re *\/\r\n        border-radius: 15px; \/* Bords arrondis pour les champs de saisie *\/\r\n        padding: 8px; \/* R\u00e9duction du padding pour les champs *\/\r\n        width: 70%; \/* Largeur ajust\u00e9e pour les champs *\/\r\n        font-size: 14px; \/* Taille du texte dans les champs *\/\r\n        box-sizing: border-box; \/* Inclure le padding et la bordure dans la largeur totale *\/\r\n    }\r\n\r\n    \/* Bouton Subscribe rond *\/\r\n    .sib-default-btn {\r\n        background-color: #66b3ff; \/* Bleu pour le bouton *\/\r\n        color: white; \/* Texte en blanc *\/\r\n        padding: 12px 12px; \/* Espacement autour du texte du bouton *\/\r\n        border: none; \/* Pas de bordure *\/\r\n        border-radius: 30px; \/* Bords arrondis pour le bouton *\/\r\n        cursor: pointer; \/* Curseur pointer pour indiquer que c'est cliquable *\/\r\n        width: auto; \/* Ajuste la largeur du bouton *\/\r\n        min-width: 160px; \/* Largeur minimale pour le bouton *\/\r\n        font-size: 16px; \/* Taille du texte du bouton *\/\r\n        text-align: center; \/* Centrer le texte du bouton *\/\r\n        margin-top: 0px; \/* Espacement de 10px au-dessus du bouton *\/\r\n        display: block; \/* Assurer que le bouton est un \u00e9l\u00e9ment de bloc pour pouvoir le centrer *\/\r\n    }\r\n\r\n    \/* Effet au survol du bouton *\/\r\n    .sib-default-btn:hover {\r\n        background-color: #4da6ff; \/* Changer la couleur au survol *\/\r\n    }\r\n<\/style>\r\n\r\n<div class=\"sib-form-container\">\r\n    <!-- Texte avant le formulaire -->\r\n    <p>Pour <\/p>\r\n    <p>\u00eatre inform\u00e9.e <\/p> \r\n    <p>des prochains r\u00e9assorts :<\/p>\r\n\r\n    <!-- Champ Email -->\r\n    <p class=\"sib-email-area\">\r\n        <label for=\"email\">Email<\/label>   \r\n        <input type=\"email\" id=\"email\" class=\"sib-email-area\" name=\"email\" required=\"required\">\r\n    <\/p>\r\n    \r\n    <!-- Champ Nom -->\r\n    <p class=\"sib-NAME-area\">\r\n        <label for=\"name\">Nom<\/label>   \r\n        <input type=\"text\" id=\"name\" class=\"sib-NAME-area\" name=\"NAME\">\r\n    <\/p>\r\n    \r\n    <!-- Bouton Subscribe -->\r\n    <p>\r\n        <input type=\"submit\" class=\"sib-default-btn\" value=\"Subscribe\">\r\n    <\/p>\r\n<\/div>\r\n\t\t\t\t<\/div>\n\t\t\t<\/form>\n\t\t\t<style>\n\t\t\t\tform#sib_signup_form_3 p.sib-alert-message {\n    padding: 6px 12px;\n    margin-bottom: 20px;\n    border: 1px solid transparent;\n    border-radius: 4px;\n    -webkit-box-sizing: border-box;\n    -moz-box-sizing: border-box;\n    box-sizing: border-box;\n}\nform#sib_signup_form_3 p.sib-alert-message-error {\n    background-color: #f2dede;\n    border-color: #ebccd1;\n    color: #a94442;\n}\nform#sib_signup_form_3 p.sib-alert-message-success {\n    background-color: #dff0d8;\n    border-color: #d6e9c6;\n    color: #3c763d;\n}\nform#sib_signup_form_3 p.sib-alert-message-warning {\n    background-color: #fcf8e3;\n    border-color: #faebcc;\n    color: #8a6d3b;\n}\n\t\t\t<\/style>\n\t\t\t\n\n\n\n<p class=\"has-text-align-center has-background-color has-pale-cyan-blue-background-color has-text-color has-background has-link-color has-small-font-size wp-elements-1858214081a4d634406a8d8b822e7081 wp-container-content-b0b89ccb\" style=\"border-radius:50px;margin-top:var(--wp--preset--spacing--30);margin-right:0;margin-bottom:0;margin-left:0;padding-top:var(--wp--preset--spacing--40);padding-right:29px;padding-bottom:var(--wp--preset--spacing--40);padding-left:29px\">Artiste pluridisciplinaire, vous pouvez voir le reste de mon travail sur instagram :<\/p>\n\n\n\n<figure class=\"wp-block-image size-full is-resized is-style-default wp-container-content-962be591\" style=\"margin-top:var(--wp--preset--spacing--30);margin-right:0;margin-bottom:var(--wp--preset--spacing--30);margin-left:0\"><a href=\"https:\/\/www.instagram.com\/margobulo\/\"><img loading=\"lazy\" decoding=\"async\" width=\"472\" height=\"472\" src=\"https:\/\/ramo.margotbulot.com\/wp-content\/uploads\/2025\/04\/bl.png\" alt=\"\" class=\"wp-image-912\" style=\"object-fit:contain;width:80px;height:80px\" srcset=\"https:\/\/ramo.margotbulot.com\/wp-content\/uploads\/2025\/04\/bl.png 472w, https:\/\/ramo.margotbulot.com\/wp-content\/uploads\/2025\/04\/bl-300x300.png 300w, https:\/\/ramo.margotbulot.com\/wp-content\/uploads\/2025\/04\/bl-150x150.png 150w, https:\/\/ramo.margotbulot.com\/wp-content\/uploads\/2025\/04\/bl-450x450.png 450w, https:\/\/ramo.margotbulot.com\/wp-content\/uploads\/2025\/04\/bl-100x100.png 100w\" sizes=\"auto, (max-width: 472px) 100vw, 472px\" \/><\/a><\/figure>\n\n\n\n<figure class=\"wp-block-image size-full is-resized has-custom-border\" style=\"margin-top:0;margin-right:0;margin-bottom:var(--wp--preset--spacing--30);margin-left:0\"><img loading=\"lazy\" decoding=\"async\" width=\"850\" height=\"850\" src=\"https:\/\/ramo.margotbulot.com\/wp-content\/uploads\/2025\/04\/P1010364.jpg\" alt=\"\" class=\"wp-image-1175\" style=\"border-radius:49px;width:850px;height:auto\" srcset=\"https:\/\/ramo.margotbulot.com\/wp-content\/uploads\/2025\/04\/P1010364.jpg 850w, https:\/\/ramo.margotbulot.com\/wp-content\/uploads\/2025\/04\/P1010364-300x300.jpg 300w, https:\/\/ramo.margotbulot.com\/wp-content\/uploads\/2025\/04\/P1010364-150x150.jpg 150w, https:\/\/ramo.margotbulot.com\/wp-content\/uploads\/2025\/04\/P1010364-768x768.jpg 768w, https:\/\/ramo.margotbulot.com\/wp-content\/uploads\/2025\/04\/P1010364-450x450.jpg 450w, https:\/\/ramo.margotbulot.com\/wp-content\/uploads\/2025\/04\/P1010364-600x600.jpg 600w, https:\/\/ramo.margotbulot.com\/wp-content\/uploads\/2025\/04\/P1010364-100x100.jpg 100w\" sizes=\"auto, (max-width: 850px) 100vw, 850px\" \/><\/figure>\n\n\n\n<p class=\"has-background-color has-pale-cyan-blue-background-color has-text-color has-background has-link-color has-small-font-size wp-elements-869813287db30b85475bd833093a5f7c wp-container-content-d613cd94\" style=\"border-radius:50px;margin-top:var(--wp--preset--spacing--40);margin-bottom:var(--wp--preset--spacing--40);padding-top:var(--wp--preset--spacing--40);padding-right:38px;padding-bottom:var(--wp--preset--spacing--40);padding-left:38px\">Pour toutes demandes particuli\u00e8res vous pouvez m&rsquo;\u00e9crire \u00e0 <a href=\"mailto:bulotmargot@gmail.com\">bulotmargot@gmail.com<\/a> je serais ravie de vous lire.<\/p>\n<\/div>\n","protected":false},"excerpt":{"rendered":"<p>Artiste pluridisciplinaire, vous pouvez voir le reste de mon travail sur instagram : Pour toutes demandes particuli\u00e8res vous pouvez m&rsquo;\u00e9crire \u00e0 bulotmargot@gmail.com je serais ravie de vous lire.<\/p>\n","protected":false},"author":1,"featured_media":0,"parent":0,"menu_order":0,"comment_status":"closed","ping_status":"closed","template":"","meta":{"footnotes":""},"class_list":["post-576","page","type-page","status-publish","hentry"],"jetpack_sharing_enabled":true,"_links":{"self":[{"href":"https:\/\/ramo.margotbulot.com\/index.php?rest_route=\/wp\/v2\/pages\/576","targetHints":{"allow":["GET"]}}],"collection":[{"href":"https:\/\/ramo.margotbulot.com\/index.php?rest_route=\/wp\/v2\/pages"}],"about":[{"href":"https:\/\/ramo.margotbulot.com\/index.php?rest_route=\/wp\/v2\/types\/page"}],"author":[{"embeddable":true,"href":"https:\/\/ramo.margotbulot.com\/index.php?rest_route=\/wp\/v2\/users\/1"}],"replies":[{"embeddable":true,"href":"https:\/\/ramo.margotbulot.com\/index.php?rest_route=%2Fwp%2Fv2%2Fcomments&post=576"}],"version-history":[{"count":132,"href":"https:\/\/ramo.margotbulot.com\/index.php?rest_route=\/wp\/v2\/pages\/576\/revisions"}],"predecessor-version":[{"id":2403,"href":"https:\/\/ramo.margotbulot.com\/index.php?rest_route=\/wp\/v2\/pages\/576\/revisions\/2403"}],"wp:attachment":[{"href":"https:\/\/ramo.margotbulot.com\/index.php?rest_route=%2Fwp%2Fv2%2Fmedia&parent=576"}],"curies":[{"name":"wp","href":"https:\/\/api.w.org\/{rel}","templated":true}]}}