{"id":2870,"date":"2025-11-12T14:43:12","date_gmt":"2025-11-12T13:43:12","guid":{"rendered":"https:\/\/ramo.margotbulot.com\/?post_type=product&#038;p=2870"},"modified":"2025-11-12T16:12:01","modified_gmt":"2025-11-12T15:12:01","slug":"echalas-n2","status":"publish","type":"product","link":"https:\/\/ramo.margotbulot.com\/?product=echalas-n2","title":{"rendered":"\u00c9chalas N\u00b01"},"content":{"rendered":"<p>Pi\u00e8ce unique.<\/p>\n<p>Ses dimensions :<\/p>\n<ul>\n<li>Hauteur : 108cm<\/li>\n<li>Envergure : 66cm<\/li>\n<li>Diam\u00e8tre du socle en ch\u00eane : 26cm<\/li>\n<\/ul>\n<p>Les mod\u00e8les nomm\u00e9s <em>\u00c9chalas<\/em> sont con\u00e7us avec des tiges de 8mm de diam\u00e8tre.<\/p>\n<p>Vendue d\u00e9mont\u00e9e, la photo qui accompagne l&#8217;emballage vous permet de la reconstituer comme elle a \u00e9t\u00e9 pens\u00e9.<\/p>\n<p><strong><em>Pensez a\u0300 ve\u0301rifier que le pot que vous souhaitez habiller est adapte\u0301 \u00e0 la taille du socle.<\/em><\/strong><\/p>\n<div class=\"page\" title=\"Page 1\">\n<div class=\"section\">\n<p>&nbsp;<\/p>\n<\/div>\n<\/div>\n","protected":false},"excerpt":{"rendered":"<p>Pi\u00e8ce unique. Ses dimensions : Hauteur : 108cm Envergure : 66cm Diam\u00e8tre du socle en ch\u00eane : 26cm Les mod\u00e8les nomm\u00e9s \u00c9chalas sont con\u00e7us avec des tiges de 8mm de diam\u00e8tre. Vendue d\u00e9mont\u00e9e, la photo qui accompagne l&#8217;emballage vous permet de la reconstituer comme elle a \u00e9t\u00e9 pens\u00e9. Pensez a\u0300 ve\u0301rifier que le pot que [&hellip;]<\/p>\n","protected":false},"featured_media":2871,"template":"","meta":[],"product_brand":[],"product_cat":[15,33],"product_tag":[],"class_list":{"0":"post-2870","1":"product","2":"type-product","3":"status-publish","4":"has-post-thumbnail","6":"product_cat-non-classe","7":"product_cat-echalas","9":"first","10":"instock","11":"sold-individually","12":"shipping-taxable","13":"purchasable","14":"product-type-simple"},"jetpack_sharing_enabled":true,"_links":{"self":[{"href":"https:\/\/ramo.margotbulot.com\/index.php?rest_route=\/wp\/v2\/product\/2870","targetHints":{"allow":["GET"]}}],"collection":[{"href":"https:\/\/ramo.margotbulot.com\/index.php?rest_route=\/wp\/v2\/product"}],"about":[{"href":"https:\/\/ramo.margotbulot.com\/index.php?rest_route=\/wp\/v2\/types\/product"}],"wp:featuredmedia":[{"embeddable":true,"href":"https:\/\/ramo.margotbulot.com\/index.php?rest_route=\/wp\/v2\/media\/2871"}],"wp:attachment":[{"href":"https:\/\/ramo.margotbulot.com\/index.php?rest_route=%2Fwp%2Fv2%2Fmedia&parent=2870"}],"wp:term":[{"taxonomy":"product_brand","embeddable":true,"href":"https:\/\/ramo.margotbulot.com\/index.php?rest_route=%2Fwp%2Fv2%2Fproduct_brand&post=2870"},{"taxonomy":"product_cat","embeddable":true,"href":"https:\/\/ramo.margotbulot.com\/index.php?rest_route=%2Fwp%2Fv2%2Fproduct_cat&post=2870"},{"taxonomy":"product_tag","embeddable":true,"href":"https:\/\/ramo.margotbulot.com\/index.php?rest_route=%2Fwp%2Fv2%2Fproduct_tag&post=2870"}],"curies":[{"name":"wp","href":"https:\/\/api.w.org\/{rel}","templated":true}]}}