{"id":3077,"date":"2025-12-12T23:08:01","date_gmt":"2025-12-12T22:08:01","guid":{"rendered":"https:\/\/ramo.margotbulot.com\/?post_type=product&#038;p=3077"},"modified":"2026-04-05T16:42:02","modified_gmt":"2026-04-05T14:42:02","slug":"brindille-n112","status":"publish","type":"product","link":"https:\/\/ramo.margotbulot.com\/?product=brindille-n112","title":{"rendered":"Brindille N\u00b0112"},"content":{"rendered":"<p>Pi\u00e8ce unique.<\/p>\n<p>Ses dimensions* :<\/p>\n<ul>\n<li>Hauteur : 52cm<\/li>\n<li>Envergure : 40cm<\/li>\n<\/ul>\n<p>Vendue d\u00e9mont\u00e9e, la photo qui accompagne l&#8217;emballage vous permet de la reconstituer comme elle a \u00e9t\u00e9 pens\u00e9.<\/p>\n<p>Les connecteurs : Il s\u2019agit des pi\u00e8ces qui relient les tiges. Tout comme ces derni\u00e8res, ils ont \u00e9t\u00e9 fabriqu\u00e9s par mes soins (d\u00e9coup\u00e9s, perc\u00e9s, ponc\u00e9s, vernis et peints), ce qui leur donne quelques irr\u00e9gularit\u00e9s. Chaque face pr\u00e9sente une couleur diff\u00e9rente : vermillon et cr\u00e8me.<\/p>\n<div class=\"page\" title=\"Page 1\">\n<div class=\"section\">\n<div class=\"layoutArea\">\n<div class=\"column\">\n<p><em>*hauteur : pensez que le tuteur, une fois plante\u0301, diminue en hauteur.<\/em><br \/>\n<em>*envergure : mesure de sa taille maximale en largeur.<\/em><\/p>\n<\/div>\n<\/div>\n<\/div>\n<\/div>\n","protected":false},"excerpt":{"rendered":"<p>Pi\u00e8ce unique. Ses dimensions* : Hauteur : 52cm Envergure : 40cm Vendue d\u00e9mont\u00e9e, la photo qui accompagne l&#8217;emballage vous permet de la reconstituer comme elle a \u00e9t\u00e9 pens\u00e9. Les connecteurs : Il s\u2019agit des pi\u00e8ces qui relient les tiges. Tout comme ces derni\u00e8res, ils ont \u00e9t\u00e9 fabriqu\u00e9s par mes soins (d\u00e9coup\u00e9s, perc\u00e9s, ponc\u00e9s, vernis et [&hellip;]<\/p>\n","protected":false},"featured_media":3078,"template":"","meta":[],"product_brand":[],"product_cat":[32],"product_tag":[],"class_list":{"0":"post-3077","1":"product","2":"type-product","3":"status-publish","4":"has-post-thumbnail","6":"product_cat-pour-petit-pot","7":"out-of-stock-product","8":"product-is-out-of-stock","10":"first","11":"outofstock","12":"sold-individually","13":"shipping-taxable","14":"purchasable","15":"product-type-simple"},"jetpack_sharing_enabled":true,"_links":{"self":[{"href":"https:\/\/ramo.margotbulot.com\/index.php?rest_route=\/wp\/v2\/product\/3077","targetHints":{"allow":["GET"]}}],"collection":[{"href":"https:\/\/ramo.margotbulot.com\/index.php?rest_route=\/wp\/v2\/product"}],"about":[{"href":"https:\/\/ramo.margotbulot.com\/index.php?rest_route=\/wp\/v2\/types\/product"}],"wp:featuredmedia":[{"embeddable":true,"href":"https:\/\/ramo.margotbulot.com\/index.php?rest_route=\/wp\/v2\/media\/3078"}],"wp:attachment":[{"href":"https:\/\/ramo.margotbulot.com\/index.php?rest_route=%2Fwp%2Fv2%2Fmedia&parent=3077"}],"wp:term":[{"taxonomy":"product_brand","embeddable":true,"href":"https:\/\/ramo.margotbulot.com\/index.php?rest_route=%2Fwp%2Fv2%2Fproduct_brand&post=3077"},{"taxonomy":"product_cat","embeddable":true,"href":"https:\/\/ramo.margotbulot.com\/index.php?rest_route=%2Fwp%2Fv2%2Fproduct_cat&post=3077"},{"taxonomy":"product_tag","embeddable":true,"href":"https:\/\/ramo.margotbulot.com\/index.php?rest_route=%2Fwp%2Fv2%2Fproduct_tag&post=3077"}],"curies":[{"name":"wp","href":"https:\/\/api.w.org\/{rel}","templated":true}]}}