{"id":3307,"date":"2026-03-09T15:42:43","date_gmt":"2026-03-09T14:42:43","guid":{"rendered":"https:\/\/ramo.margotbulot.com\/?post_type=product&#038;p=3307"},"modified":"2026-03-09T18:10:32","modified_gmt":"2026-03-09T17:10:32","slug":"loop-couleurs-primaires","status":"publish","type":"product","link":"https:\/\/ramo.margotbulot.com\/?product=loop-couleurs-primaires","title":{"rendered":"Loop &#8211; couleurs primaires"},"content":{"rendered":"<p>En plus des couleurs primaires, cette s\u00e9rie se distingue par des connecteurs plus grands (3 cm de diam\u00e8tre, contre 2 cm habituellement).<\/p>\n<p>~ Ses dimensions * :<\/p>\n<ul>\n<li>Hauteur : 70cm<\/li>\n<li>Envergure : 40cm<\/li>\n<li>Points d&rsquo;ancrage : 10cm<\/li>\n<\/ul>\n<div class=\"page\" title=\"Page 1\">\n<div class=\"section\">\n<div class=\"layoutArea\">\n<div class=\"column\">\n<p><em>*hauteur : pensez que le tuteur, une fois plante\u0301, diminue en hauteur.<\/em><br \/>\n<em>*envergure : mesure de sa taille maximale en largeur.<\/em><br \/>\n<em>*points d\u2019ancrage : distance se\u0301parant les deux tiges a\u0300 planter.<\/em><\/p>\n<p><strong>Ce mod\u00e8le est fabriqu\u00e9 en s\u00e9rie, il peut donc pr\u00e9senter de l\u00e9g\u00e8res variations de taille et de forme par rapport aux dimensions et aux photos affich\u00e9es.<\/strong><\/p>\n<p><strong><em>Pensez a\u0300 ve\u0301rifier que le pot que vous souhaitez habiller est adapte\u0301.<\/em><\/strong><\/p>\n<p><strong><em>\u00a0<\/em><\/strong><\/p>\n<\/div>\n<\/div>\n<p>&nbsp;<\/p>\n<\/div>\n<\/div>\n","protected":false},"excerpt":{"rendered":"<p>En plus des couleurs primaires, cette s\u00e9rie se distingue par des connecteurs plus grands (3 cm de diam\u00e8tre, contre 2 cm habituellement). ~ Ses dimensions * : Hauteur : 70cm Envergure : 40cm Points d&rsquo;ancrage : 10cm *hauteur : pensez que le tuteur, une fois plante\u0301, diminue en hauteur. *envergure : mesure de sa taille [&hellip;]<\/p>\n","protected":false},"featured_media":3313,"template":"","meta":[],"product_brand":[],"product_cat":[44],"product_tag":[],"class_list":{"0":"post-3307","1":"product","2":"type-product","3":"status-publish","4":"has-post-thumbnail","6":"product_cat-serie","8":"first","9":"instock","10":"shipping-taxable","11":"purchasable","12":"product-type-simple"},"jetpack_sharing_enabled":true,"_links":{"self":[{"href":"https:\/\/ramo.margotbulot.com\/index.php?rest_route=\/wp\/v2\/product\/3307","targetHints":{"allow":["GET"]}}],"collection":[{"href":"https:\/\/ramo.margotbulot.com\/index.php?rest_route=\/wp\/v2\/product"}],"about":[{"href":"https:\/\/ramo.margotbulot.com\/index.php?rest_route=\/wp\/v2\/types\/product"}],"wp:featuredmedia":[{"embeddable":true,"href":"https:\/\/ramo.margotbulot.com\/index.php?rest_route=\/wp\/v2\/media\/3313"}],"wp:attachment":[{"href":"https:\/\/ramo.margotbulot.com\/index.php?rest_route=%2Fwp%2Fv2%2Fmedia&parent=3307"}],"wp:term":[{"taxonomy":"product_brand","embeddable":true,"href":"https:\/\/ramo.margotbulot.com\/index.php?rest_route=%2Fwp%2Fv2%2Fproduct_brand&post=3307"},{"taxonomy":"product_cat","embeddable":true,"href":"https:\/\/ramo.margotbulot.com\/index.php?rest_route=%2Fwp%2Fv2%2Fproduct_cat&post=3307"},{"taxonomy":"product_tag","embeddable":true,"href":"https:\/\/ramo.margotbulot.com\/index.php?rest_route=%2Fwp%2Fv2%2Fproduct_tag&post=3307"}],"curies":[{"name":"wp","href":"https:\/\/api.w.org\/{rel}","templated":true}]}}